{"id":38,"date":"2019-02-21T20:19:47","date_gmt":"2019-02-21T20:19:47","guid":{"rendered":"http:\/\/wordpress.hundecoach-gera.de\/?page_id=38"},"modified":"2026-02-20T07:25:47","modified_gmt":"2026-02-20T07:25:47","slug":"ueber-mich","status":"publish","type":"page","link":"https:\/\/www.hundecoach-gera.de\/?page_id=38","title":{"rendered":"\u00dcber mich"},"content":{"rendered":"\n<figure class=\"wp-block-image size-large\"><a href=\"https:\/\/www.hundecoach-gera.de\/wp-content\/uploads\/2022\/04\/Presseartikel.jpg\"><img fetchpriority=\"high\" decoding=\"async\" width=\"1024\" height=\"542\" src=\"https:\/\/www.hundecoach-gera.de\/wp-content\/uploads\/2022\/04\/Presseartikel-1024x542.jpg\" alt=\"\" class=\"wp-image-464\" srcset=\"https:\/\/www.hundecoach-gera.de\/wp-content\/uploads\/2022\/04\/Presseartikel-1024x542.jpg 1024w, https:\/\/www.hundecoach-gera.de\/wp-content\/uploads\/2022\/04\/Presseartikel-300x159.jpg 300w, https:\/\/www.hundecoach-gera.de\/wp-content\/uploads\/2022\/04\/Presseartikel-768x406.jpg 768w, https:\/\/www.hundecoach-gera.de\/wp-content\/uploads\/2022\/04\/Presseartikel.jpg 1518w\" sizes=\"(max-width: 1024px) 100vw, 1024px\" \/><\/a><figcaption class=\"wp-element-caption\">Presseartikel, April \/ 2022<\/figcaption><\/figure>\n\n\n\n<h2 class=\"wp-block-heading\">Mein Traum als Hundetrainer . . .<\/h2>\n\n\n\n<p>Bereits als Junge wurde mir Nachbars Hund &#8211; Neufundl\u00e4nder-R\u00fcde &#8211; zu ausgedehnten Spazierg\u00e4ngen anvertraut.<br>Ich merkte schnell, dass eine gute Leinenf\u00fchrigkeit notwendig ist, um entspannt und mit Freude diese Momente zu genie\u00dfen. Mit Geduld und dem unb\u00e4ndigen Wissensdrang organisierte ich t\u00e4glich zeitintensive Begegnungen. Mir stellte sich die Frage, wie kann ich eine harmonische Beziehung zu dem Hund aufbauen?<\/p>\n\n\n\n<p>Das Verst\u00e4ndnis zwischen Hund und Mensch erfordert viel Vertrauen und den konsequenten Umgang in allen Lebensbereichen. Es ben\u00f6tigt Ruhe, Harmonie und eine klare Struktur. Der Mensch muss sich zum ruhigen, starken und souver\u00e4nen Rudelf\u00fchrer entwickeln.<\/p>\n\n\n\n<p>Jahre sp\u00e4ter interessierte ich mich f\u00fcr die Hunderasse Husky und war schnell beeindruckt von der Bewegungsfreude und dem Stolz sowie dem eigenwilligen Charakter dieser Tiere. Ich erf\u00fcllte mir den lang ersehnten Traum vom ambitionierten Hundebesitzer. Ich erwarb zwei R\u00fcden, um meinen Hunden ein artgerechtes Leben im Rudel zu bieten. Wir nahmen an zahlreichen Hunderennen teil und erm\u00f6glichten damit beidseitig den ausgepr\u00e4gten Bewegungsdrang. Ich musste jedoch feststellen, dass die Kopfarbeit auf der Strecke blieb. Wieder stellt sich mir die Frage, wie es mir gelingt, beide Bereiche auszulasten. Ich erarbeitete nun Trainingsprogramme, in denen das Zusammenspiel zwischen physischer und psychischer Arbeit intensiviert wurde.<\/p>\n\n\n\n<p>Das ist jetzt \u00fcber 30 Jahre her. In der Vergangenheit stellte ich immer wieder fest, dass die meisten Hunde ihre Besitzer einfach nicht verstehen und machte es mir zur Aufgabe, dies abzu\u00e4ndern. Mit meinem Amerikanischen Akita will ich zeigen, das dies mit jeder Rasse m\u00f6glich ist. Ich wurde gefragt, ob ich das auch anderen Hundebesitzern zeigen k\u00f6nnte. So war die Idee geboren, Menschen zu sensibilisieren und Hunde zu trainieren. Einfach dazu beizutragen, dass Hunde uns verstehen.<\/p>\n\n\n\n<h2 class=\"wp-block-heading\">&#8230; wurde wahr, weil: <br>Ein Leben ohne Hund ist m\u00f6glich, aber sinnlos !<\/h2>\n","protected":false},"excerpt":{"rendered":"<div class=\"entry-summary\">\nMein Traum als Hundetrainer . . . Bereits als Junge wurde mir&hellip;\n<\/div>\n<div class=\"link-more\"><a href=\"https:\/\/www.hundecoach-gera.de\/?page_id=38\" class=\"more-link\">Continue reading<span class=\"screen-reader-text\"> &ldquo;\u00dcber mich&rdquo;<\/span>&hellip;<\/a><\/div>\n","protected":false},"author":1,"featured_media":0,"parent":0,"menu_order":0,"comment_status":"closed","ping_status":"closed","template":"","meta":{"footnotes":""},"class_list":["post-38","page","type-page","status-publish","hentry","entry"],"_links":{"self":[{"href":"https:\/\/www.hundecoach-gera.de\/index.php?rest_route=\/wp\/v2\/pages\/38","targetHints":{"allow":["GET"]}}],"collection":[{"href":"https:\/\/www.hundecoach-gera.de\/index.php?rest_route=\/wp\/v2\/pages"}],"about":[{"href":"https:\/\/www.hundecoach-gera.de\/index.php?rest_route=\/wp\/v2\/types\/page"}],"author":[{"embeddable":true,"href":"https:\/\/www.hundecoach-gera.de\/index.php?rest_route=\/wp\/v2\/users\/1"}],"replies":[{"embeddable":true,"href":"https:\/\/www.hundecoach-gera.de\/index.php?rest_route=%2Fwp%2Fv2%2Fcomments&post=38"}],"version-history":[{"count":15,"href":"https:\/\/www.hundecoach-gera.de\/index.php?rest_route=\/wp\/v2\/pages\/38\/revisions"}],"predecessor-version":[{"id":642,"href":"https:\/\/www.hundecoach-gera.de\/index.php?rest_route=\/wp\/v2\/pages\/38\/revisions\/642"}],"wp:attachment":[{"href":"https:\/\/www.hundecoach-gera.de\/index.php?rest_route=%2Fwp%2Fv2%2Fmedia&parent=38"}],"curies":[{"name":"wp","href":"https:\/\/api.w.org\/{rel}","templated":true}]}}